{"id":3,"date":"2022-10-06T17:57:28","date_gmt":"2022-10-06T17:57:28","guid":{"rendered":"https:\/\/somborec.sk\/vozimsa\/?page_id=3"},"modified":"2023-06-21T15:18:33","modified_gmt":"2023-06-21T13:18:33","slug":"ochrana-osobnych-udajov","status":"publish","type":"page","link":"https:\/\/somborec.sk\/vozimsa\/ochrana-osobnych-udajov\/","title":{"rendered":"Ochrana osobn\u00fdch \u00fadajov"},"content":{"rendered":"<div class=\"fusion-fullwidth fullwidth-box fusion-builder-row-1 fusion-flex-container nonhundred-percent-fullwidth non-hundred-percent-height-scrolling\" style=\"--awb-border-radius-top-left:0px;--awb-border-radius-top-right:0px;--awb-border-radius-bottom-right:0px;--awb-border-radius-bottom-left:0px;\" ><div class=\"fusion-builder-row fusion-row fusion-flex-align-items-flex-start\" style=\"max-width:1248px;margin-left: calc(-4% \/ 2 );margin-right: calc(-4% \/ 2 );\"><div class=\"fusion-layout-column fusion_builder_column fusion-builder-column-0 fusion_builder_column_1_1 1_1 fusion-flex-column\" style=\"--awb-bg-size:cover;--awb-width-large:100%;--awb-margin-top-large:0px;--awb-spacing-right-large:1.92%;--awb-margin-bottom-large:0px;--awb-spacing-left-large:1.92%;--awb-width-medium:100%;--awb-spacing-right-medium:1.92%;--awb-spacing-left-medium:1.92%;--awb-width-small:100%;--awb-spacing-right-small:1.92%;--awb-spacing-left-small:1.92%;\"><div class=\"fusion-column-wrapper fusion-flex-justify-content-flex-start fusion-content-layout-column\"><div class=\"fusion-text fusion-text-1\"><ol>\n<li><strong>Dotknut\u00e1 osoba<\/strong> \u2013 n\u00e1v\u0161tevn\u00edk str\u00e1nky.<\/li>\n<li><strong>Prev\u00e1dzkovate\u013e<\/strong> \u2013 prev\u00e1dzkovate\u013e webovej str\u00e1nky <a href=\"https:\/\/somborec.sk\/vozimsa\">www.somborec.sk\/vozimsa<\/a><\/li>\n<li>Dotknut\u00e1 osoba s\u00fahlas\u00ed so spracovan\u00edm osobn\u00fdch \u00fadajov pred\u00e1vaj\u00facim v rozsahu uvedenom ni\u017e\u0161ie.<\/li>\n<li>Prev\u00e1dzkovate\u013e str\u00e1nky zodpovedn\u00e1 za sprac\u00favania osobn\u00fdch \u00fadajov pod\u013ea nariadenia eur\u00f3pskeho parlamentu a rady (E\u00da) 2016\/679, z 27. apr\u00edla 2016 o ochrane fyzick\u00fdch os\u00f4b pri sprac\u00favan\u00ed osobn\u00fdch \u00fadajov a o vo\u013enom pohybe tak\u00fdchto \u00fadajov, (\u010falej len GDPR)<\/li>\n<li>Zoznam osobn\u00fdch \u00fadajov: meno, priezvisko, email, cookies. Viac inform\u00e1ci\u00ed o cookies si m\u00f4\u017eete pre\u010d\u00edta\u0165 v Cookies li\u0161te.<\/li>\n<li>\u00da\u010dely sprac\u00favania osobn\u00fdch \u00fadajov: kontaktovanie z\u00e1kazn\u00edka oh\u013eadom s\u00fa\u0165a\u017ee, vybavenie dopytu zaslan\u00e9ho cez kontaktn\u00fd formul\u00e1r \u010di in\u00e9ho opr\u00e1vnen\u00e9ho z\u00e1ujmu. Osobn\u00e9 \u00fadaje sa nesm\u00fa \u010falej sprac\u00fava\u0165 sp\u00f4sobom, ktor\u00fd nie je zlu\u010dite\u013en\u00fd s t\u00fdmito \u00fa\u010delmi.<\/li>\n<li><strong>Pr\u00edjemcovia<\/strong> \u2013 prev\u00e1dzkovate\u013e internetovej webovej str\u00e1nky <a href=\"https:\/\/somborec.sk\/vozimsa\">www.somborec.sk\/vozimsa<\/a>, spolo\u010dnos\u0165 CPP PROMO house s.r.o. zabezpe\u010duj\u00faca technick\u00fa prev\u00e1dzku webstr\u00e1nky.<\/li>\n<li><strong>Sprostredkovatelia<\/strong> \u2013 pr\u00edjemcovia \u00fadajov ako Google alebo Facebook, s ktor\u00fdmi m\u00e1me uzavret\u00e9 sprostredkovate\u013esk\u00e9 zmluvy:\n<ul>\n<li>Google (<a href=\"https:\/\/www.google.com\/analytics\/terms\/dpa\/dataprocessingamendment_20160909.html\" target=\"_blank\" rel=\"noopener noreferrer\">Data Processing Amendment<\/a>)<\/li>\n<li>Facebook (<a href=\"https:\/\/www.facebook.com\/privacy\/policy\/\" target=\"_blank\" rel=\"noopener\">Data Policy<\/a>)<\/li>\n<\/ul>\n<\/li>\n<li>Nepred\u00e1vame, neobchodujeme ani \u017eiadnym in\u00fdm sp\u00f4sobom neposkytujeme va\u0161e osobn\u00e9 \u00fadaje in\u00fdm tret\u00edm stran\u00e1m, okrem sprostredkovate\u013eov spomenut\u00fdch v predo\u0161lom bode.<\/li>\n<li>Pr\u00e1vny z\u00e1klad sprac\u00favania osobn\u00fdch \u00fadajov:\n<ol>\n<li>Zapojen\u00edm sa do s\u00fa\u0165a\u017ee S\u00fa\u0165a\u017eiaci ude\u013euje Usporiadate\u013eovi v s\u00falade s nariaden\u00edm Eur\u00f3pskeho parlamentu a Rady (E\u00da) 2016\/679 z 27. apr\u00edla 2016 o ochrane fyzick\u00fdch os\u00f4b pri sprac\u00favan\u00ed osobn\u00fdch \u00fadajov a o vo\u013enom pohybe tak\u00fdchto \u00fadajov, ktor\u00fdm sa zru\u0161uje smernica 95\/46\/ES svoj v\u00fdslovn\u00fd a dobrovo\u013en\u00fd s\u00fahlas na dobu trvania s\u00fa\u0165a\u017ee, najviac v\u0161ak do 31. 12. 2023, na spracovanie osobn\u00fdch \u00fadajov \u00da\u010dastn\u00edka v rozsahu: meno, priezvisko, e-mailov\u00e1 adresa, na \u00fa\u010dely zabezpe\u010denia priebehu S\u00fa\u0165a\u017ee, informovania v\u00fdhercov o V\u00fdhre v S\u00fa\u0165a\u017ei, informovania o v\u00fdhercoch S\u00fa\u0165a\u017ee a doru\u010denia V\u00fdhry, pri\u010dom s osobn\u00fdmi \u00fadajmi \u00da\u010dastn\u00edka bude nakladan\u00e9 v zmysle pr\u00edslu\u0161nej pr\u00e1vnej \u00fapravy, a to najm\u00e4 nariaden\u00edm Eur\u00f3pskeho parlamentu a Rady (E\u00da) 2016\/679 z 27. apr\u00edla 2016 o ochrane fyzick\u00fdch os\u00f4b pri sprac\u00favan\u00ed osobn\u00fdch \u00fadajov a o vo\u013enom pohybe tak\u00fdchto \u00fadajov, ktor\u00fdm sa zru\u0161uje smernica 95\/46\/ES. Tento s\u00fahlas sa vz\u0165ahuje aj na tretie osoby ako sprostredkovate\u013eov, ktor\u00fdm Usporiadate\u013e vy\u0161\u0161ie uveden\u00e9 \u00fadaje v s\u00falade s ich ur\u010den\u00edm poskytne. Usporiadate\u013e sprac\u00fava osobn\u00e9 \u00fadaje \u00da\u010dastn\u00edka z d\u00f4vodu uskuto\u010dnenia S\u00fa\u0165a\u017ee vr\u00e1tane zabezpe\u010denia v\u00fdberu V\u00fdhercov a odovzdania V\u00fdhry.<\/li>\n<li>Sprac\u00favanie osobn\u00fdch \u00fadajov (meno a priezvisko, email) je nevyhnutn\u00e9 na \u00fa\u010das\u0165 v s\u00fa\u0165a\u017ei.<\/li>\n<\/ol>\n<\/li>\n<li>Vlo\u017een\u00fd obsah z in\u00fdch webov\u00fdch str\u00e1nok \u2013 \u010dl\u00e1nky na tejto webovej str\u00e1nke m\u00f4\u017eu obsahova\u0165 vlo\u017een\u00fd obsah (napr. vide\u00e1, obr\u00e1zky, \u010dl\u00e1nky a podobne). Vlo\u017een\u00fd obsah z in\u00fdch str\u00e1nok sa chov\u00e1 rovnako, akoby n\u00e1v\u0161tevn\u00edk nav\u0161t\u00edvil in\u00fa webov\u00fa str\u00e1nku. Tieto webov\u00e9 str\u00e1nky m\u00f4\u017eu o v\u00e1s zbiera\u0165 osobn\u00e9 \u00fadaje, pou\u017e\u00edva\u0165 s\u00fabory cookies, vklada\u0165 tre\u0165o-strann\u00e9 sledovanie a monitorova\u0165 va\u0161u interakciu s vlo\u017een\u00fdm obsahom, v\u010detne sledovania va\u0161ej interakcie s vlo\u017een\u00fdm obsahom, ak na danej webovej str\u00e1nke m\u00e1te \u00fa\u010det a ste prihl\u00e1sen\u00fd.<\/li>\n<li>Doba uchov\u00e1vania osobn\u00fdch \u00fadajov: maxim\u00e1lne do 31. 12. 2023.<\/li>\n<li>Dotknut\u00e1 osoba d\u00e1va s\u00fahlasom s <a href=\"https:\/\/somborec.sk\/vozimsa\/uplne-pravidla\">pravidlami s\u00fa\u0165a\u017ee<\/a> z\u00e1rove\u0148 svoj v\u00fdslovn\u00fd a bezv\u00fdhradn\u00fd s\u00fahlas, aby prev\u00e1dzkovate\u013e sprac\u00faval jej osobn\u00e9 \u00fadaje na vy\u0161\u0161ie uveden\u00e9 \u00fa\u010dely, po\u010das vy\u0161\u0161ie uvedenej doby a vo vy\u0161\u0161ie uvedenom rozsahu. Dotknut\u00e1 osoba m\u00e1 pr\u00e1vo kedyko\u013evek odvola\u0165 svoj s\u00fahlas. Odvolanie s\u00fahlasu nem\u00e1 vplyv na z\u00e1konnos\u0165 sprac\u00favania vych\u00e1dzaj\u00faceho zo s\u00fahlasu pred jeho odvolan\u00edm. Dotknut\u00e1 osoba je povinn\u00e1 poskytn\u00fa\u0165 pravdiv\u00e9 a aktu\u00e1lne osobn\u00e9 \u00fadaje. Pr\u00e1va dotknutej osoby upravuje kapitola 3 GDPR. Ide napr. o pr\u00e1vo poda\u0165 s\u0165a\u017enos\u0165 dozorn\u00e9mu org\u00e1nu, o pr\u00e1va namieta\u0165 proti sprac\u00favaniu, pr\u00e1vo po\u017eadova\u0165 od prev\u00e1dzkovate\u013ea pr\u00edstup k osobn\u00fdm \u00fadajom t\u00fdkaj\u00facim sa dotknutej osoby, pr\u00e1vo na opravu alebo vymazanie alebo obmedzenie sprac\u00favania osobn\u00fdch \u00fadajov, ako aj pr\u00e1vo na prenosnos\u0165 \u00fadajov.<\/li>\n<li>Tieto podmienky s\u00fa platn\u00e9 od 22.6.2023<\/li>\n<\/ol>\n<\/div><\/div><\/div><\/div><\/div>\n","protected":false},"excerpt":{"rendered":"","protected":false},"author":1,"featured_media":0,"parent":0,"menu_order":0,"comment_status":"closed","ping_status":"open","template":"","meta":{"footnotes":""},"_links":{"self":[{"href":"https:\/\/somborec.sk\/vozimsa\/wp-json\/wp\/v2\/pages\/3"}],"collection":[{"href":"https:\/\/somborec.sk\/vozimsa\/wp-json\/wp\/v2\/pages"}],"about":[{"href":"https:\/\/somborec.sk\/vozimsa\/wp-json\/wp\/v2\/types\/page"}],"author":[{"embeddable":true,"href":"https:\/\/somborec.sk\/vozimsa\/wp-json\/wp\/v2\/users\/1"}],"replies":[{"embeddable":true,"href":"https:\/\/somborec.sk\/vozimsa\/wp-json\/wp\/v2\/comments?post=3"}],"version-history":[{"count":7,"href":"https:\/\/somborec.sk\/vozimsa\/wp-json\/wp\/v2\/pages\/3\/revisions"}],"predecessor-version":[{"id":693,"href":"https:\/\/somborec.sk\/vozimsa\/wp-json\/wp\/v2\/pages\/3\/revisions\/693"}],"wp:attachment":[{"href":"https:\/\/somborec.sk\/vozimsa\/wp-json\/wp\/v2\/media?parent=3"}],"curies":[{"name":"wp","href":"https:\/\/api.w.org\/{rel}","templated":true}]}}